{"id":44,"date":"2011-08-29T01:36:02","date_gmt":"2011-08-28T22:36:02","guid":{"rendered":"http:\/\/kuunsirpin.com\/kennel\/?page_id=44"},"modified":"2021-11-09T18:21:02","modified_gmt":"2021-11-09T16:21:02","slug":"pentuja","status":"publish","type":"page","link":"http:\/\/kuunsirpin.com\/kennel\/pentuja\/","title":{"rendered":"Pennut"},"content":{"rendered":"\n<p>Kuunsirpin seuraava tervueren-pentue on mahdollisesti odotettavissa joulukuussa 2021.<\/p>\n\n\n\n<p>Odotamme pentueeseen pienikokoisia, eritt\u00e4in nopeita, n\u00e4pp\u00e4ri\u00e4 ja ketteri\u00e4, vilkkaita ja iloisia belgialaisia, joilla on hyv\u00e4 oppimiskyky. Erityisesti jos etsit todella nopeaa koiraa agilityyn, t\u00e4m\u00e4 pentue kannattaa laittaa harkintaan. N\u00e4ilt\u00e4 vanhemmilta ei lopu virta ja vauhti kesken. Molemmilla on eritt\u00e4in hyv\u00e4 koulutettavuus, ja motivaatiota ei tarvitse kaivella. <\/p>\n\n\n\n<p>Pentueen is\u00e4: FI TVA, BH, RTK2 Kuunsirpin Count On Me &#8221;Into&#8221; lonkat A\/A, kyyn\u00e4rnivelet 0\/0, selk\u00e4 LTV0, VA0, silm\u00e4t OK, LT+174, n\u00e4yttelyst\u00e4 usea ROP<\/p>\n\n\n\n<p>Em\u00e4: Hollannin tuonti Mouna v.d. Lamar &#8221;Vinha&#8221;, lonkat A\/A, kyyn\u00e4rnivelet 0\/1, selk\u00e4 LTV1, VA0,  silm\u00e4t OK, n\u00e4yttelyst\u00e4 ERI<\/p>\n\n\n\n<p>Mahdolliset pennut ovat luovutusi\u00e4ss\u00e4 helmikuun 2022 alkupuolella. <\/p>\n\n\n\n<figure class=\"wp-block-image size-large\"><a href=\"http:\/\/kuunsirpin.com\/kennel\/wp-content\/uploads\/2021\/11\/FB_IMG_1636393794661.jpg\"><img loading=\"lazy\" decoding=\"async\" width=\"683\" height=\"1024\" src=\"http:\/\/kuunsirpin.com\/kennel\/wp-content\/uploads\/2021\/11\/FB_IMG_1636393794661-683x1024.jpg\" alt=\"\" class=\"wp-image-552\" srcset=\"http:\/\/kuunsirpin.com\/kennel\/wp-content\/uploads\/2021\/11\/FB_IMG_1636393794661-683x1024.jpg 683w, http:\/\/kuunsirpin.com\/kennel\/wp-content\/uploads\/2021\/11\/FB_IMG_1636393794661-200x300.jpg 200w, http:\/\/kuunsirpin.com\/kennel\/wp-content\/uploads\/2021\/11\/FB_IMG_1636393794661-768x1152.jpg 768w, http:\/\/kuunsirpin.com\/kennel\/wp-content\/uploads\/2021\/11\/FB_IMG_1636393794661.jpg 800w\" sizes=\"auto, (max-width: 683px) 100vw, 683px\" \/><\/a><figcaption>Into<\/figcaption><\/figure>\n\n\n\n<figure class=\"wp-block-image size-large\"><a href=\"http:\/\/kuunsirpin.com\/kennel\/wp-content\/uploads\/2021\/11\/FB_IMG_1636394113310.jpg\"><img loading=\"lazy\" decoding=\"async\" width=\"777\" height=\"1024\" src=\"http:\/\/kuunsirpin.com\/kennel\/wp-content\/uploads\/2021\/11\/FB_IMG_1636394113310-777x1024.jpg\" alt=\"\" class=\"wp-image-551\" srcset=\"http:\/\/kuunsirpin.com\/kennel\/wp-content\/uploads\/2021\/11\/FB_IMG_1636394113310-777x1024.jpg 777w, http:\/\/kuunsirpin.com\/kennel\/wp-content\/uploads\/2021\/11\/FB_IMG_1636394113310-228x300.jpg 228w, http:\/\/kuunsirpin.com\/kennel\/wp-content\/uploads\/2021\/11\/FB_IMG_1636394113310-768x1012.jpg 768w, http:\/\/kuunsirpin.com\/kennel\/wp-content\/uploads\/2021\/11\/FB_IMG_1636394113310.jpg 1080w\" sizes=\"auto, (max-width: 777px) 100vw, 777px\" \/><\/a><figcaption>Into<\/figcaption><\/figure>\n\n\n\n<p><\/p>\n\n\n\n<figure class=\"wp-block-image size-large\"><a href=\"http:\/\/kuunsirpin.com\/kennel\/wp-content\/uploads\/2021\/11\/FB_IMG_1636393604025.jpg\"><img loading=\"lazy\" decoding=\"async\" width=\"1024\" height=\"763\" src=\"http:\/\/kuunsirpin.com\/kennel\/wp-content\/uploads\/2021\/11\/FB_IMG_1636393604025-1024x763.jpg\" alt=\"\" class=\"wp-image-550\" srcset=\"http:\/\/kuunsirpin.com\/kennel\/wp-content\/uploads\/2021\/11\/FB_IMG_1636393604025-1024x763.jpg 1024w, http:\/\/kuunsirpin.com\/kennel\/wp-content\/uploads\/2021\/11\/FB_IMG_1636393604025-300x224.jpg 300w, http:\/\/kuunsirpin.com\/kennel\/wp-content\/uploads\/2021\/11\/FB_IMG_1636393604025-768x572.jpg 768w, http:\/\/kuunsirpin.com\/kennel\/wp-content\/uploads\/2021\/11\/FB_IMG_1636393604025.jpg 1080w\" sizes=\"auto, (max-width: 1024px) 100vw, 1024px\" \/><\/a><figcaption>Into<\/figcaption><\/figure>\n\n\n\n<p><\/p>\n\n\n\n<figure class=\"wp-block-image size-large\"><a href=\"http:\/\/kuunsirpin.com\/kennel\/wp-content\/uploads\/2021\/11\/FB_IMG_1636393782637.jpg\"><img loading=\"lazy\" decoding=\"async\" width=\"819\" height=\"1024\" src=\"http:\/\/kuunsirpin.com\/kennel\/wp-content\/uploads\/2021\/11\/FB_IMG_1636393782637-819x1024.jpg\" alt=\"\" class=\"wp-image-553\" srcset=\"http:\/\/kuunsirpin.com\/kennel\/wp-content\/uploads\/2021\/11\/FB_IMG_1636393782637-819x1024.jpg 819w, http:\/\/kuunsirpin.com\/kennel\/wp-content\/uploads\/2021\/11\/FB_IMG_1636393782637-240x300.jpg 240w, http:\/\/kuunsirpin.com\/kennel\/wp-content\/uploads\/2021\/11\/FB_IMG_1636393782637-768x960.jpg 768w, http:\/\/kuunsirpin.com\/kennel\/wp-content\/uploads\/2021\/11\/FB_IMG_1636393782637.jpg 1080w\" sizes=\"auto, (max-width: 819px) 100vw, 819px\" \/><\/a><figcaption>Into<\/figcaption><\/figure>\n\n\n\n<p><\/p>\n\n\n\n<figure class=\"wp-block-image size-full\"><a href=\"http:\/\/kuunsirpin.com\/kennel\/wp-content\/uploads\/2021\/11\/FB_IMG_1636393339196.jpg\"><img loading=\"lazy\" decoding=\"async\" width=\"768\" height=\"1024\" src=\"http:\/\/kuunsirpin.com\/kennel\/wp-content\/uploads\/2021\/11\/FB_IMG_1636393339196.jpg\" alt=\"\" class=\"wp-image-554\" srcset=\"http:\/\/kuunsirpin.com\/kennel\/wp-content\/uploads\/2021\/11\/FB_IMG_1636393339196.jpg 768w, http:\/\/kuunsirpin.com\/kennel\/wp-content\/uploads\/2021\/11\/FB_IMG_1636393339196-225x300.jpg 225w\" sizes=\"auto, (max-width: 768px) 100vw, 768px\" \/><\/a><figcaption>Vinha<\/figcaption><\/figure>\n\n\n\n<p><\/p>\n\n\n\n<figure class=\"wp-block-image size-large\"><a href=\"http:\/\/kuunsirpin.com\/kennel\/wp-content\/uploads\/2021\/11\/FB_IMG_1636393319092.jpg\"><img loading=\"lazy\" decoding=\"async\" width=\"661\" height=\"1024\" src=\"http:\/\/kuunsirpin.com\/kennel\/wp-content\/uploads\/2021\/11\/FB_IMG_1636393319092-661x1024.jpg\" alt=\"\" class=\"wp-image-555\" srcset=\"http:\/\/kuunsirpin.com\/kennel\/wp-content\/uploads\/2021\/11\/FB_IMG_1636393319092-661x1024.jpg 661w, http:\/\/kuunsirpin.com\/kennel\/wp-content\/uploads\/2021\/11\/FB_IMG_1636393319092-194x300.jpg 194w, http:\/\/kuunsirpin.com\/kennel\/wp-content\/uploads\/2021\/11\/FB_IMG_1636393319092-768x1189.jpg 768w, http:\/\/kuunsirpin.com\/kennel\/wp-content\/uploads\/2021\/11\/FB_IMG_1636393319092-992x1536.jpg 992w, http:\/\/kuunsirpin.com\/kennel\/wp-content\/uploads\/2021\/11\/FB_IMG_1636393319092.jpg 1080w\" sizes=\"auto, (max-width: 661px) 100vw, 661px\" \/><\/a><figcaption>Vinha<\/figcaption><\/figure>\n\n\n\n<p><\/p>\n","protected":false},"excerpt":{"rendered":"<p>Kuunsirpin seuraava tervueren-pentue on mahdollisesti odotettavissa joulukuussa 2021. Odotamme pentueeseen pienikokoisia, eritt\u00e4in nopeita, n\u00e4pp\u00e4ri\u00e4 ja ketteri\u00e4, vilkkaita ja iloisia belgialaisia, joilla on hyv\u00e4 oppimiskyky. Erityisesti jos etsit todella nopeaa koiraa agilityyn, t\u00e4m\u00e4 pentue kannattaa laittaa harkintaan. N\u00e4ilt\u00e4 vanhemmilta ei lopu virta ja vauhti kesken. Molemmilla on eritt\u00e4in hyv\u00e4 koulutettavuus, ja motivaatiota ei tarvitse kaivella. Pentueen &hellip; <a href=\"http:\/\/kuunsirpin.com\/kennel\/pentuja\/\" class=\"more-link\">Continue reading<span class=\"screen-reader-text\"> &#8221;Pennut&#8221;<\/span><\/a><\/p>\n","protected":false},"author":1,"featured_media":0,"parent":0,"menu_order":0,"comment_status":"closed","ping_status":"closed","template":"","meta":{"footnotes":""},"class_list":["post-44","page","type-page","status-publish","hentry","hfeed"],"_links":{"self":[{"href":"http:\/\/kuunsirpin.com\/kennel\/wp-json\/wp\/v2\/pages\/44","targetHints":{"allow":["GET"]}}],"collection":[{"href":"http:\/\/kuunsirpin.com\/kennel\/wp-json\/wp\/v2\/pages"}],"about":[{"href":"http:\/\/kuunsirpin.com\/kennel\/wp-json\/wp\/v2\/types\/page"}],"author":[{"embeddable":true,"href":"http:\/\/kuunsirpin.com\/kennel\/wp-json\/wp\/v2\/users\/1"}],"replies":[{"embeddable":true,"href":"http:\/\/kuunsirpin.com\/kennel\/wp-json\/wp\/v2\/comments?post=44"}],"version-history":[{"count":43,"href":"http:\/\/kuunsirpin.com\/kennel\/wp-json\/wp\/v2\/pages\/44\/revisions"}],"predecessor-version":[{"id":562,"href":"http:\/\/kuunsirpin.com\/kennel\/wp-json\/wp\/v2\/pages\/44\/revisions\/562"}],"wp:attachment":[{"href":"http:\/\/kuunsirpin.com\/kennel\/wp-json\/wp\/v2\/media?parent=44"}],"curies":[{"name":"wp","href":"https:\/\/api.w.org\/{rel}","templated":true}]}}