{"id":26,"date":"2011-08-28T14:43:16","date_gmt":"2011-08-28T11:43:16","guid":{"rendered":"http:\/\/kuunsirpin.com\/kennel\/?page_id=26"},"modified":"2021-09-06T01:15:27","modified_gmt":"2021-09-05T22:15:27","slug":"kasvatit","status":"publish","type":"page","link":"http:\/\/kuunsirpin.com\/kennel\/kasvatit\/","title":{"rendered":"Kasvatit &#8211; Breeding"},"content":{"rendered":"<p><a href=\"http:\/\/kuunsirpin.com\/kennel\/wp-content\/uploads\/2021\/08\/FB_IMG_1629664396596.jpg\"><img loading=\"lazy\" decoding=\"async\" class=\"size-medium wp-image-486 alignnone\" src=\"http:\/\/kuunsirpin.com\/kennel\/wp-content\/uploads\/2021\/08\/FB_IMG_1629664396596-300x240.jpg\" alt=\"\" width=\"300\" height=\"240\" srcset=\"http:\/\/kuunsirpin.com\/kennel\/wp-content\/uploads\/2021\/08\/FB_IMG_1629664396596-300x240.jpg 300w, http:\/\/kuunsirpin.com\/kennel\/wp-content\/uploads\/2021\/08\/FB_IMG_1629664396596-768x614.jpg 768w, http:\/\/kuunsirpin.com\/kennel\/wp-content\/uploads\/2021\/08\/FB_IMG_1629664396596.jpg 1000w\" sizes=\"auto, (max-width: 300px) 100vw, 300px\" \/><\/a><\/p>\n<h4>Kuunsirpin Full Moon &#8221;Oiva&#8221;<\/h4>\n<ul>\n<li>HD: A\/A, ED: 0\/0, LTV-0, VA-0<\/li>\n<li>om. Johanna Pohtio<\/li>\n<\/ul>\n<hr>\n<h4><a href=\"http:\/\/kuunsirpin.com\/kennel\/wp-content\/uploads\/2011\/08\/jovial_joker_mva.jpg\"><img loading=\"lazy\" decoding=\"async\" class=\"wp-image-263 size-medium alignnone\" src=\"http:\/\/kuunsirpin.com\/kennel\/wp-content\/uploads\/2011\/08\/jovial_joker_mva-300x200.jpg\" alt=\"\" width=\"300\" height=\"200\" srcset=\"http:\/\/kuunsirpin.com\/kennel\/wp-content\/uploads\/2011\/08\/jovial_joker_mva-300x200.jpg 300w, http:\/\/kuunsirpin.com\/kennel\/wp-content\/uploads\/2011\/08\/jovial_joker_mva.jpg 450w\" sizes=\"auto, (max-width: 300px) 100vw, 300px\" \/><\/a><br><strong>FI&amp;EST MVA, JK3, BH<br>Kuunsirpin Jovial Joker &#8221;Jokke&#8221;<\/strong><br>om. Aino Lakiasuo<\/h4>\n<ul>\n<li>lonkat: A\/B<\/li>\n<li>kyyn\u00e4rp\u00e4\u00e4t: 0\/0<\/li>\n<li>silm\u00e4t: OK<\/li>\n<li>n\u00e4yttely: 3 x SERT, CACIB, ROP<\/li>\n<li>LT: +248<\/li>\n<li>agility: III-luokka<\/li>\n<li>toko: EVL2<\/li>\n<\/ul>\n<hr>\n<p><a href=\"http:\/\/kuunsirpin.com\/kennel\/wp-content\/uploads\/2011\/08\/penny8kks1.jpg\"><img loading=\"lazy\" decoding=\"async\" class=\"wp-image-254 size-medium alignnone\" src=\"http:\/\/kuunsirpin.com\/kennel\/wp-content\/uploads\/2011\/08\/penny8kks1-300x225.jpg\" alt=\"\" width=\"300\" height=\"225\" srcset=\"http:\/\/kuunsirpin.com\/kennel\/wp-content\/uploads\/2011\/08\/penny8kks1-300x225.jpg 300w, http:\/\/kuunsirpin.com\/kennel\/wp-content\/uploads\/2011\/08\/penny8kks1.jpg 500w\" sizes=\"auto, (max-width: 300px) 100vw, 300px\" \/><\/a><br><strong>Kuunsirpin Unique Queen &#8221;Penny&#8221;<\/strong><br>om. Tiina Linna<\/p>\n<hr>\n<h4><a href=\"http:\/\/kuunsirpin.com\/kennel\/wp-content\/uploads\/2011\/08\/kidi610m1.jpg\"><img loading=\"lazy\" decoding=\"async\" class=\"size-medium wp-image-250 alignnone\" src=\"http:\/\/kuunsirpin.com\/kennel\/wp-content\/uploads\/2011\/08\/kidi610m1-300x200.jpg\" alt=\"\" width=\"300\" height=\"200\" srcset=\"http:\/\/kuunsirpin.com\/kennel\/wp-content\/uploads\/2011\/08\/kidi610m1-300x200.jpg 300w, http:\/\/kuunsirpin.com\/kennel\/wp-content\/uploads\/2011\/08\/kidi610m1.jpg 750w\" sizes=\"auto, (max-width: 300px) 100vw, 300px\" \/><\/a><br><strong>BH, TK1&nbsp;<\/strong><br><strong>Kuunsirpin King Himself &#8221;Kidi&#8221;<\/strong><br>om. Kaija S\u00e4kkinen<\/h4>\n<hr>\n<p><a href=\"http:\/\/kuunsirpin.com\/kennel\/wp-content\/uploads\/2011\/08\/FB_IMG_1499766326457.jpg\"><img loading=\"lazy\" decoding=\"async\" class=\"wp-image-369 size-medium alignnone\" src=\"http:\/\/kuunsirpin.com\/kennel\/wp-content\/uploads\/2011\/08\/FB_IMG_1499766326457-300x195.jpg\" alt=\"\" width=\"300\" height=\"195\" srcset=\"http:\/\/kuunsirpin.com\/kennel\/wp-content\/uploads\/2011\/08\/FB_IMG_1499766326457-300x195.jpg 300w, http:\/\/kuunsirpin.com\/kennel\/wp-content\/uploads\/2011\/08\/FB_IMG_1499766326457-768x498.jpg 768w, http:\/\/kuunsirpin.com\/kennel\/wp-content\/uploads\/2011\/08\/FB_IMG_1499766326457.jpg 1000w\" sizes=\"auto, (max-width: 300px) 100vw, 300px\" \/><\/a><br><strong> Kuunsirpin Wish Me Luck &#8221;Valma&#8221;<\/strong><br>om. Kaisa M\u00e4kinen<\/p>\n<hr>\n<p><a href=\"http:\/\/kuunsirpin.com\/kennel\/wp-content\/uploads\/2011\/08\/roosa7kks1.jpg\"><img loading=\"lazy\" decoding=\"async\" class=\"size-medium wp-image-259 alignnone\" src=\"http:\/\/kuunsirpin.com\/kennel\/wp-content\/uploads\/2011\/08\/roosa7kks1-225x300.jpg\" alt=\"\" width=\"225\" height=\"300\" srcset=\"http:\/\/kuunsirpin.com\/kennel\/wp-content\/uploads\/2011\/08\/roosa7kks1-225x300.jpg 225w, http:\/\/kuunsirpin.com\/kennel\/wp-content\/uploads\/2011\/08\/roosa7kks1.jpg 375w\" sizes=\"auto, (max-width: 225px) 100vw, 225px\" \/><\/a><br><span style=\"line-height: normal;\"><strong>Kuunsirpin Under the Stars &#8221;Roosa&#8221;<\/strong><\/span><br>om. Maria Keskitalo<\/p>\n<p>lonkat: B\/B<br>kyyn\u00e4rp\u00e4\u00e4t: 0\/0<br>silm\u00e4t: OK<br>agility: III-luokka<br>n\u00e4yttely: 2 x SERT<\/p>\n\n\n<hr class=\"wp-block-separator\"\/>\n\n\n\n<div class=\"wp-block-columns is-layout-flex wp-container-core-columns-is-layout-9d6595d7 wp-block-columns-is-layout-flex\">\n<div class=\"wp-block-column is-layout-flow wp-block-column-is-layout-flow\" style=\"flex-basis:100%\">\n<pre class=\"wp-block-preformatted\">Kuunsirpin I-pentue\nS. 7.6.2021 3+5\nIs\u00e4: Ketunpolun Joyful Mirai\nEm\u00e4: Kuunsirpin Divine Lady\n<\/pre>\n<\/div>\n<\/div>\n\n\n\n<pre class=\"wp-block-preformatted\"><a href=\"http:\/\/kuunsirpin.com\/kennel\/kuunsirpin-h-pentue\/\" data-type=\"page\" data-id=\"528\">Kuunsirpin H-pentue<\/a>\ns. 8.5.2020\nIs\u00e4: Luavjan's Looking at Romeo\nEm\u00e4: Kuunsirpin Blonde Lady\n\n<\/pre>\n\n\n\n<pre class=\"wp-block-preformatted\">Kuunsirpin G-pentue\ns. 9.3.2020\nIs\u00e4: Figaron Quebec Garcon\nEm\u00e4: Kuunsirpin Xcuse Me\n\nu. Greed for Life<\/pre>\n\n\n\n<pre class=\"wp-block-preformatted\"><a href=\"http:\/\/kuunsirpin.com\/kennel\/kuunsirpin-f-pentue\/\" data-type=\"page\" data-id=\"517\">Kuunsirpin F-pentue<\/a>\ns. 4.2.2019\nIs\u00e4: Kuunsirpin Zero Point\nEm\u00e4: Kuunsirpin Blonde Lady\n\nu. Fade to Black\nu. Fortune Cookie\nu. Freedom Call\nu. Full Moon\nn. First Kiss\nn. Follow My Dreams\nn. Forgive Me My Sins\n\n<\/pre>\n\n\n\n<pre class=\"wp-block-preformatted\">Kuunsirpin E-pentue\ns. 14.10.2017\nIs\u00e4: van de Pillendijk Kharon\nEm\u00e4: Kuunsirpin Xcuse Me\n\nu. Empire Strikes Back\nu. Ex Tempore\nn. Endless Love<\/pre>\n","protected":false},"excerpt":{"rendered":"<p>Kuunsirpin Full Moon &#8221;Oiva&#8221; HD: A\/A, ED: 0\/0, LTV-0, VA-0 om. Johanna Pohtio FI&amp;EST MVA, JK3, BHKuunsirpin Jovial Joker &#8221;Jokke&#8221;om. Aino Lakiasuo lonkat: A\/B kyyn\u00e4rp\u00e4\u00e4t: 0\/0 silm\u00e4t: OK n\u00e4yttely: 3 x SERT, CACIB, ROP LT: +248 agility: III-luokka toko: EVL2 Kuunsirpin Unique Queen &#8221;Penny&#8221;om. Tiina Linna BH, TK1&nbsp;Kuunsirpin King Himself &#8221;Kidi&#8221;om. Kaija S\u00e4kkinen Kuunsirpin Wish &hellip; <a href=\"http:\/\/kuunsirpin.com\/kennel\/kasvatit\/\" class=\"more-link\">Continue reading<span class=\"screen-reader-text\"> &#8221;Kasvatit &#8211; Breeding&#8221;<\/span><\/a><\/p>\n","protected":false},"author":1,"featured_media":0,"parent":0,"menu_order":0,"comment_status":"closed","ping_status":"closed","template":"","meta":{"footnotes":""},"class_list":["post-26","page","type-page","status-publish","hentry","hfeed"],"_links":{"self":[{"href":"http:\/\/kuunsirpin.com\/kennel\/wp-json\/wp\/v2\/pages\/26","targetHints":{"allow":["GET"]}}],"collection":[{"href":"http:\/\/kuunsirpin.com\/kennel\/wp-json\/wp\/v2\/pages"}],"about":[{"href":"http:\/\/kuunsirpin.com\/kennel\/wp-json\/wp\/v2\/types\/page"}],"author":[{"embeddable":true,"href":"http:\/\/kuunsirpin.com\/kennel\/wp-json\/wp\/v2\/users\/1"}],"replies":[{"embeddable":true,"href":"http:\/\/kuunsirpin.com\/kennel\/wp-json\/wp\/v2\/comments?post=26"}],"version-history":[{"count":139,"href":"http:\/\/kuunsirpin.com\/kennel\/wp-json\/wp\/v2\/pages\/26\/revisions"}],"predecessor-version":[{"id":548,"href":"http:\/\/kuunsirpin.com\/kennel\/wp-json\/wp\/v2\/pages\/26\/revisions\/548"}],"wp:attachment":[{"href":"http:\/\/kuunsirpin.com\/kennel\/wp-json\/wp\/v2\/media?parent=26"}],"curies":[{"name":"wp","href":"https:\/\/api.w.org\/{rel}","templated":true}]}}