{"id":19,"date":"2011-08-28T14:18:59","date_gmt":"2011-08-28T11:18:59","guid":{"rendered":"http:\/\/kuunsirpin.com\/kennel\/?page_id=19"},"modified":"2017-10-11T19:02:04","modified_gmt":"2017-10-11T16:02:04","slug":"etusivu","status":"publish","type":"page","link":"http:\/\/kuunsirpin.com\/kennel\/","title":{"rendered":"Etusivu"},"content":{"rendered":"<p>Tervetuloa tutustumaan Kuunsirpin belgianpaimenkoiriin!<\/p>\n<p><a href=\"http:\/\/kuunsirpin.com\/kennel\/wp-content\/uploads\/2011\/08\/FB_IMG_1507732910228.jpg\"><img loading=\"lazy\" decoding=\"async\" class=\"alignleft size-medium wp-image-434\" src=\"http:\/\/kuunsirpin.com\/kennel\/wp-content\/uploads\/2011\/08\/FB_IMG_1507732910228-300x200.jpg\" alt=\"\" width=\"300\" height=\"200\" srcset=\"http:\/\/kuunsirpin.com\/kennel\/wp-content\/uploads\/2011\/08\/FB_IMG_1507732910228-300x200.jpg 300w, http:\/\/kuunsirpin.com\/kennel\/wp-content\/uploads\/2011\/08\/FB_IMG_1507732910228-768x512.jpg 768w, http:\/\/kuunsirpin.com\/kennel\/wp-content\/uploads\/2011\/08\/FB_IMG_1507732910228.jpg 900w\" sizes=\"auto, (max-width: 300px) 100vw, 300px\" \/><\/a><\/p>\n<div><\/div>\n<div><\/div>\n<div><\/div>\n<div style=\"text-align: left;\">\n<p><span style=\"text-align: center;\"><span style=\"text-align: center;\">Meill\u00e4 harrastetaan pienimuotoista belgianpaimenkoira tervuerenien kasvatusta\u00a0<\/span><\/span><span style=\"text-align: center;\"><span style=\"text-align: center;\">kotioloissa. <\/span><\/span><\/p>\n<p><span style=\"text-align: center;\">Tavoitteenamme on kasvattaa rotum\u00e4\u00e4ritelm\u00e4n mukaisia, terveit\u00e4, iloisia ja sosiaalisia koiria, joiden kanssa on mukava harrastaa monipuolisesti, ja jotka ovat kivoja my\u00f6s arjessa perhekoirina.<\/span><\/p>\n<hr \/>\n<\/div>\n<div><\/div>\n<div>\u00a0<span style=\"text-align: center;\">HUOM! Sivusto on keskener\u00e4inen, lis\u00e4\u00e4 infoa tulossa!<\/span><\/div>\n","protected":false},"excerpt":{"rendered":"<p>Tervetuloa tutustumaan Kuunsirpin belgianpaimenkoiriin! Meill\u00e4 harrastetaan pienimuotoista belgianpaimenkoira tervuerenien kasvatusta\u00a0kotioloissa. Tavoitteenamme on kasvattaa rotum\u00e4\u00e4ritelm\u00e4n mukaisia, terveit\u00e4, iloisia ja sosiaalisia koiria, joiden kanssa on mukava harrastaa monipuolisesti, ja jotka ovat kivoja my\u00f6s arjessa perhekoirina. \u00a0HUOM! Sivusto on keskener\u00e4inen, lis\u00e4\u00e4 infoa tulossa!<\/p>\n","protected":false},"author":1,"featured_media":0,"parent":0,"menu_order":0,"comment_status":"closed","ping_status":"closed","template":"","meta":{"footnotes":""},"class_list":["post-19","page","type-page","status-publish","hentry","hfeed"],"_links":{"self":[{"href":"http:\/\/kuunsirpin.com\/kennel\/wp-json\/wp\/v2\/pages\/19","targetHints":{"allow":["GET"]}}],"collection":[{"href":"http:\/\/kuunsirpin.com\/kennel\/wp-json\/wp\/v2\/pages"}],"about":[{"href":"http:\/\/kuunsirpin.com\/kennel\/wp-json\/wp\/v2\/types\/page"}],"author":[{"embeddable":true,"href":"http:\/\/kuunsirpin.com\/kennel\/wp-json\/wp\/v2\/users\/1"}],"replies":[{"embeddable":true,"href":"http:\/\/kuunsirpin.com\/kennel\/wp-json\/wp\/v2\/comments?post=19"}],"version-history":[{"count":44,"href":"http:\/\/kuunsirpin.com\/kennel\/wp-json\/wp\/v2\/pages\/19\/revisions"}],"predecessor-version":[{"id":470,"href":"http:\/\/kuunsirpin.com\/kennel\/wp-json\/wp\/v2\/pages\/19\/revisions\/470"}],"wp:attachment":[{"href":"http:\/\/kuunsirpin.com\/kennel\/wp-json\/wp\/v2\/media?parent=19"}],"curies":[{"name":"wp","href":"https:\/\/api.w.org\/{rel}","templated":true}]}}